{"id":13,"date":"2021-10-17T08:15:24","date_gmt":"2021-10-17T11:15:24","guid":{"rendered":"http:\/\/acalixto.com.br\/?page_id=13"},"modified":"2021-10-17T17:56:12","modified_gmt":"2021-10-17T20:56:12","slug":"contato","status":"publish","type":"page","link":"http:\/\/acalixto.com.br\/index.php\/contato\/","title":{"rendered":"Contato"},"content":{"rendered":"\n<p>Estamos \u00e0 sua disposi\u00e7\u00e3o<\/p>\n","protected":false},"excerpt":{"rendered":"<p>Estamos \u00e0 sua disposi\u00e7\u00e3o<\/p>\n","protected":false},"author":1,"featured_media":0,"parent":0,"menu_order":0,"comment_status":"closed","ping_status":"closed","template":"","meta":{"om_disable_all_campaigns":false,"_monsterinsights_skip_tracking":false,"_monsterinsights_sitenote_active":false,"_monsterinsights_sitenote_note":"","_monsterinsights_sitenote_category":0},"_links":{"self":[{"href":"http:\/\/acalixto.com.br\/index.php\/wp-json\/wp\/v2\/pages\/13"}],"collection":[{"href":"http:\/\/acalixto.com.br\/index.php\/wp-json\/wp\/v2\/pages"}],"about":[{"href":"http:\/\/acalixto.com.br\/index.php\/wp-json\/wp\/v2\/types\/page"}],"author":[{"embeddable":true,"href":"http:\/\/acalixto.com.br\/index.php\/wp-json\/wp\/v2\/users\/1"}],"replies":[{"embeddable":true,"href":"http:\/\/acalixto.com.br\/index.php\/wp-json\/wp\/v2\/comments?post=13"}],"version-history":[{"count":2,"href":"http:\/\/acalixto.com.br\/index.php\/wp-json\/wp\/v2\/pages\/13\/revisions"}],"predecessor-version":[{"id":54,"href":"http:\/\/acalixto.com.br\/index.php\/wp-json\/wp\/v2\/pages\/13\/revisions\/54"}],"wp:attachment":[{"href":"http:\/\/acalixto.com.br\/index.php\/wp-json\/wp\/v2\/media?parent=13"}],"curies":[{"name":"wp","href":"https:\/\/api.w.org\/{rel}","templated":true}]}}