{"id":12,"date":"2021-10-17T08:15:24","date_gmt":"2021-10-17T11:15:24","guid":{"rendered":"http:\/\/acalixto.com.br\/?page_id=12"},"modified":"2021-10-18T14:22:09","modified_gmt":"2021-10-18T17:22:09","slug":"sobre","status":"publish","type":"page","link":"http:\/\/acalixto.com.br\/index.php\/sobre\/","title":{"rendered":"Sobre"},"content":{"rendered":"\n<p>Escrit\u00f3rio de advocacia atuante nas \u00e1reas C\u00edvel, Consumidor, Trabalhista e Tribut\u00e1rio.<\/p>\n","protected":false},"excerpt":{"rendered":"<p>Escrit\u00f3rio de advocacia atuante nas \u00e1reas C\u00edvel, Consumidor, Trabalhista e Tribut\u00e1rio.<\/p>\n","protected":false},"author":1,"featured_media":0,"parent":0,"menu_order":0,"comment_status":"closed","ping_status":"closed","template":"","meta":{"om_disable_all_campaigns":false,"_monsterinsights_skip_tracking":false,"_monsterinsights_sitenote_active":false,"_monsterinsights_sitenote_note":"","_monsterinsights_sitenote_category":0},"_links":{"self":[{"href":"http:\/\/acalixto.com.br\/index.php\/wp-json\/wp\/v2\/pages\/12"}],"collection":[{"href":"http:\/\/acalixto.com.br\/index.php\/wp-json\/wp\/v2\/pages"}],"about":[{"href":"http:\/\/acalixto.com.br\/index.php\/wp-json\/wp\/v2\/types\/page"}],"author":[{"embeddable":true,"href":"http:\/\/acalixto.com.br\/index.php\/wp-json\/wp\/v2\/users\/1"}],"replies":[{"embeddable":true,"href":"http:\/\/acalixto.com.br\/index.php\/wp-json\/wp\/v2\/comments?post=12"}],"version-history":[{"count":2,"href":"http:\/\/acalixto.com.br\/index.php\/wp-json\/wp\/v2\/pages\/12\/revisions"}],"predecessor-version":[{"id":82,"href":"http:\/\/acalixto.com.br\/index.php\/wp-json\/wp\/v2\/pages\/12\/revisions\/82"}],"wp:attachment":[{"href":"http:\/\/acalixto.com.br\/index.php\/wp-json\/wp\/v2\/media?parent=12"}],"curies":[{"name":"wp","href":"https:\/\/api.w.org\/{rel}","templated":true}]}}